{"id":374,"date":"2020-08-15T13:25:54","date_gmt":"2020-08-15T17:25:54","guid":{"rendered":"https:\/\/idunntechnologies.com\/dr-eric-simard\/"},"modified":"2021-04-16T10:13:24","modified_gmt":"2021-04-16T14:13:24","slug":"eric-simard","status":"publish","type":"page","link":"https:\/\/idunntechnologies.com\/en\/eric-simard\/","title":{"rendered":"Eric Simard"},"content":{"rendered":"\t\t<div data-elementor-type=\"wp-page\" data-elementor-id=\"374\" class=\"elementor elementor-374 elementor-259\">\n\t\t\t\t\t\t<section class=\"elementor-section elementor-top-section elementor-element elementor-element-3f07efb elementor-section-stretched elementor-section-full_width elementor-section-height-default elementor-section-height-default\" data-id=\"3f07efb\" data-element_type=\"section\" data-e-type=\"section\" data-settings=\"{&quot;stretch_section&quot;:&quot;section-stretched&quot;}\">\n\t\t\t\t\t\t<div class=\"elementor-container elementor-column-gap-no\">\n\t\t\t\t\t<div class=\"elementor-column elementor-col-100 elementor-top-column elementor-element elementor-element-c9b7102\" data-id=\"c9b7102\" data-element_type=\"column\" data-e-type=\"column\">\n\t\t\t<div class=\"elementor-widget-wrap elementor-element-populated\">\n\t\t\t\t\t\t<div class=\"elementor-element elementor-element-0dc9cff elementor-widget elementor-widget-image\" data-id=\"0dc9cff\" data-element_type=\"widget\" data-e-type=\"widget\" data-widget_type=\"image.default\">\n\t\t\t\t<div class=\"elementor-widget-container\">\n\t\t\t\t\t\t\t\t\t\t\t\t\t\t\t<img fetchpriority=\"high\" decoding=\"async\" width=\"1900\" height=\"648\" src=\"https:\/\/idunntechnologies.com\/wp-content\/uploads\/2020\/07\/shutterstock_255667804.jpg\" class=\"attachment-full size-full wp-image-340\" alt=\"Researcher writing the results of a test tube\" srcset=\"https:\/\/idunntechnologies.com\/wp-content\/uploads\/2020\/07\/shutterstock_255667804.jpg 1900w, https:\/\/idunntechnologies.com\/wp-content\/uploads\/2020\/07\/shutterstock_255667804-300x102.jpg 300w, https:\/\/idunntechnologies.com\/wp-content\/uploads\/2020\/07\/shutterstock_255667804-1024x349.jpg 1024w, https:\/\/idunntechnologies.com\/wp-content\/uploads\/2020\/07\/shutterstock_255667804-768x262.jpg 768w, https:\/\/idunntechnologies.com\/wp-content\/uploads\/2020\/07\/shutterstock_255667804-1536x524.jpg 1536w\" sizes=\"(max-width: 1900px) 100vw, 1900px\" \/>\t\t\t\t\t\t\t\t\t\t\t\t\t\t\t<\/div>\n\t\t\t\t<\/div>\n\t\t\t\t\t<\/div>\n\t\t<\/div>\n\t\t\t\t\t<\/div>\n\t\t<\/section>\n\t\t\t\t<section class=\"elementor-section elementor-top-section elementor-element elementor-element-d05967c elementor-section-boxed elementor-section-height-default elementor-section-height-default\" data-id=\"d05967c\" data-element_type=\"section\" data-e-type=\"section\">\n\t\t\t\t\t\t<div class=\"elementor-container elementor-column-gap-default\">\n\t\t\t\t\t<div class=\"elementor-column elementor-col-100 elementor-top-column elementor-element elementor-element-ba008ea\" data-id=\"ba008ea\" data-element_type=\"column\" data-e-type=\"column\">\n\t\t\t<div class=\"elementor-widget-wrap elementor-element-populated\">\n\t\t\t\t\t\t<div class=\"elementor-element elementor-element-d49d648 elementor-widget elementor-widget-text-editor\" data-id=\"d49d648\" data-element_type=\"widget\" data-e-type=\"widget\" data-widget_type=\"text-editor.default\">\n\t\t\t\t<div class=\"elementor-widget-container\">\n\t\t\t\t\t\t\t\t\t<h1>Eric Simard<\/h1>\t\t\t\t\t\t\t\t<\/div>\n\t\t\t\t<\/div>\n\t\t\t\t\t<\/div>\n\t\t<\/div>\n\t\t\t\t\t<\/div>\n\t\t<\/section>\n\t\t\t\t<section class=\"elementor-section elementor-top-section elementor-element elementor-element-3b0b658 elementor-section-boxed elementor-section-height-default elementor-section-height-default\" data-id=\"3b0b658\" data-element_type=\"section\" data-e-type=\"section\">\n\t\t\t\t\t\t<div class=\"elementor-container elementor-column-gap-default\">\n\t\t\t\t\t<div class=\"elementor-column elementor-col-50 elementor-top-column elementor-element elementor-element-013237d\" data-id=\"013237d\" data-element_type=\"column\" data-e-type=\"column\">\n\t\t\t<div class=\"elementor-widget-wrap elementor-element-populated\">\n\t\t\t\t\t\t<div class=\"elementor-element elementor-element-429422f elementor-widget elementor-widget-text-editor\" data-id=\"429422f\" data-element_type=\"widget\" data-e-type=\"widget\" data-widget_type=\"text-editor.default\">\n\t\t\t\t<div class=\"elementor-widget-container\">\n\t\t\t\t\t\t\t\t\t<p>Eric Simard is making important discoveries to slow the processes of aging. An educated scientist, he has always been particularly interested in the environment and human health. Thus, from his baccalaureate, he restarted the aquatic ecology laboratories of the Universit\u00e9 du Qu\u00e9bec \u00e0 Chicoutimi, by mobilizing professors and developing two new research programs. Already working on a third research program, this time in human health, still during his graduate studies, he decided to pursue this subject at the doctorate level, at the INRS-Institut Armand-Frappier de Laval. His graduate studies were supported by obtaining <b>7 excellence scholarships and 5 awards\/honors.<\/b><\/p><p>Eric Simard comes from a small village in Lac-Saint-Jean, from a very modest family. His father having been seriously ill while he was still in high school, he promised to make a difference in human health, especially through preventative methods. This is how he decided, in 2013, to start his new research on human aging.<\/p>\t\t\t\t\t\t\t\t<\/div>\n\t\t\t\t<\/div>\n\t\t\t\t\t<\/div>\n\t\t<\/div>\n\t\t\t\t<div class=\"elementor-column elementor-col-50 elementor-top-column elementor-element elementor-element-fe74b76\" data-id=\"fe74b76\" data-element_type=\"column\" data-e-type=\"column\">\n\t\t\t<div class=\"elementor-widget-wrap elementor-element-populated\">\n\t\t\t\t\t\t<div class=\"elementor-element elementor-element-0f9512b elementor-widget elementor-widget-image\" data-id=\"0f9512b\" data-element_type=\"widget\" data-e-type=\"widget\" data-widget_type=\"image.default\">\n\t\t\t\t<div class=\"elementor-widget-container\">\n\t\t\t\t\t\t\t\t\t\t\t\t\t\t\t<img decoding=\"async\" width=\"232\" height=\"300\" src=\"https:\/\/idunntechnologies.com\/wp-content\/uploads\/2020\/08\/Photo.1-232x300.jpg\" class=\"attachment-medium size-medium wp-image-346\" alt=\"Photo of Dr Eric Simard, smiling\" srcset=\"https:\/\/idunntechnologies.com\/wp-content\/uploads\/2020\/08\/Photo.1-232x300.jpg 232w, https:\/\/idunntechnologies.com\/wp-content\/uploads\/2020\/08\/Photo.1-791x1024.jpg 791w, https:\/\/idunntechnologies.com\/wp-content\/uploads\/2020\/08\/Photo.1-768x994.jpg 768w, https:\/\/idunntechnologies.com\/wp-content\/uploads\/2020\/08\/Photo.1-1187x1536.jpg 1187w, https:\/\/idunntechnologies.com\/wp-content\/uploads\/2020\/08\/Photo.1-1583x2048.jpg 1583w, https:\/\/idunntechnologies.com\/wp-content\/uploads\/2020\/08\/Photo.1-scaled.jpg 1978w\" sizes=\"(max-width: 232px) 100vw, 232px\" \/>\t\t\t\t\t\t\t\t\t\t\t\t\t\t\t<\/div>\n\t\t\t\t<\/div>\n\t\t\t\t\t<\/div>\n\t\t<\/div>\n\t\t\t\t\t<\/div>\n\t\t<\/section>\n\t\t\t\t<section class=\"elementor-section elementor-top-section elementor-element elementor-element-226251c elementor-section-boxed elementor-section-height-default elementor-section-height-default\" data-id=\"226251c\" data-element_type=\"section\" data-e-type=\"section\">\n\t\t\t\t\t\t<div class=\"elementor-container elementor-column-gap-default\">\n\t\t\t\t\t<div class=\"elementor-column elementor-col-100 elementor-top-column elementor-element elementor-element-1d6b947\" data-id=\"1d6b947\" data-element_type=\"column\" data-e-type=\"column\">\n\t\t\t<div class=\"elementor-widget-wrap elementor-element-populated\">\n\t\t\t\t\t\t<div class=\"elementor-element elementor-element-6c3b0b2 elementor-widget elementor-widget-text-editor\" data-id=\"6c3b0b2\" data-element_type=\"widget\" data-e-type=\"widget\" data-widget_type=\"text-editor.default\">\n\t\t\t\t<div class=\"elementor-widget-container\">\n\t\t\t\t\t\t\t\t\t<p>Aware that current knowledge already made it possible to formulate a large number of recommendations, in order to age healthily, Eric Simard set out to write a book. By collaborating with three other health professionals, he reviewed more than <b>400 scientific references in order to create the<br \/>best reference tool<\/b>. He developed, one of the largest networks of health professionals (on LinkedIn), intended for preventative methods and healthy lifestyles. he is a valued developer and sought- after communicator.<\/p><p>The first book being a bestseller in Quebec, Eric Simard decided to write a second in collaboration with Dr. Jacques Lambert, MD and two pharmacists: <b>Live Young, TWO Times Longer<\/b>. The two co-authors completed a third book which was then published in 2019:\u00a0<b>Small Guide to Longevity<\/b>. Passionate about science and innovation, he is the father of three children and now wants to communicate his passion to help people age well; live healthier, longer. To learn more about Eric Simard, visit his website <a href=\"https:\/\/esimard.com\/en\/\" target=\"_blank\" rel=\"noopener\">www.esimard.com\/en\/<\/a>.<\/p>\t\t\t\t\t\t\t\t<\/div>\n\t\t\t\t<\/div>\n\t\t\t\t\t<\/div>\n\t\t<\/div>\n\t\t\t\t\t<\/div>\n\t\t<\/section>\n\t\t\t\t<section class=\"elementor-section elementor-top-section elementor-element elementor-element-3dcbf12 elementor-section-boxed elementor-section-height-default elementor-section-height-default\" data-id=\"3dcbf12\" data-element_type=\"section\" data-e-type=\"section\">\n\t\t\t\t\t\t<div class=\"elementor-container elementor-column-gap-default\">\n\t\t\t\t\t<div class=\"elementor-column elementor-col-100 elementor-top-column elementor-element elementor-element-6a298f2\" data-id=\"6a298f2\" data-element_type=\"column\" data-e-type=\"column\">\n\t\t\t<div class=\"elementor-widget-wrap elementor-element-populated\">\n\t\t\t\t\t\t<div class=\"elementor-element elementor-element-557df8b elementor-widget elementor-widget-text-editor\" data-id=\"557df8b\" data-element_type=\"widget\" data-e-type=\"widget\" data-widget_type=\"text-editor.default\">\n\t\t\t\t<div class=\"elementor-widget-container\">\n\t\t\t\t\t\t\t\t\t<h2>Studies and experiences<\/h2>\t\t\t\t\t\t\t\t<\/div>\n\t\t\t\t<\/div>\n\t\t\t\t<div class=\"elementor-element elementor-element-c653772 elementor-widget elementor-widget-text-editor\" data-id=\"c653772\" data-element_type=\"widget\" data-e-type=\"widget\" data-widget_type=\"text-editor.default\">\n\t\t\t\t<div class=\"elementor-widget-container\">\n\t\t\t\t\t\t\t\t\t<ul>\n \t<li><strong>Founding President of Technologie Biolactis<\/strong>\u00a0\u2013 1999 \u2013 2001<\/li>\n \t<li><strong>Vice President of Technological Development of Technologie Biolactis<\/strong>\u00a0\u2013 2001 \u2013 2005<\/li>\n \t<li><strong>Vice President of Exploitation of Technologie Biolactis<\/strong>\u00a0\u2013 2005 \u2013 2007<\/li>\n \t<li><strong>Vice President of Operations of Technologie Biolactis<\/strong>\u00a0\u2013 2007 \u2013 2010<\/li>\n \t<li><strong>Doctorate in Biology from INRS, Institut Armand-Frappier<\/strong>\u00a0\u2013 2008<\/li>\n \t<li><strong>President of l\u2019Association pour les ingr\u00e9dients sant\u00e9 en alimentation<\/strong>\u00a0\u2013 2004 \u2013 2012<\/li>\n \t<li><strong>Administraot of Fondation Initia<\/strong>\u00a0\u2013 2013 \u2013 2016<\/li>\n \t<li><strong>Chair of the Natural Sciences and Engineering Research Council of Canada<\/strong>\n<strong>(NSERC \u2013 Qu\u00e9bec)<\/strong>\u00a0\u2013 since 2008<\/li>\n \t<li><strong>Appointed by the Ministers Council on the Commission de l\u2019\u00e9thique en science et technologies<\/strong>\n\u2013 2017<\/li>\n \t<li><strong>Vice-President of Science and Development of Bio-K Plus International<\/strong>\u00a0\u2013 2010 \u2013 2011<\/li>\n \t<li><strong>Vice President of Science and Development of Neptune Technologies &amp; Bioressources Inc.<\/strong>\n\u2013 2011 \u2013 2013<\/li>\n \t<li><strong>Presenter at numerous scientific congresses and trainer alongside nutritionists,<\/strong>\n<strong>pharmacists and doctors<\/strong>\u00a0\u2013 since 2002<\/li>\n \t<li><strong>President of Idunn Technologies<\/strong>\u00a0(company specialized in the field of aging and which markets\nthe Vitoli<sup>\u00ae<\/sup> product line) \u2013 since 2013<\/li>\n<\/ul>\t\t\t\t\t\t\t\t<\/div>\n\t\t\t\t<\/div>\n\t\t\t\t\t<\/div>\n\t\t<\/div>\n\t\t\t\t\t<\/div>\n\t\t<\/section>\n\t\t\t\t<section class=\"elementor-section elementor-top-section elementor-element elementor-element-8488c56 elementor-section-boxed elementor-section-height-default elementor-section-height-default\" data-id=\"8488c56\" data-element_type=\"section\" data-e-type=\"section\">\n\t\t\t\t\t\t<div class=\"elementor-container elementor-column-gap-default\">\n\t\t\t\t\t<div class=\"elementor-column elementor-col-50 elementor-top-column elementor-element elementor-element-5884ce0\" data-id=\"5884ce0\" data-element_type=\"column\" data-e-type=\"column\">\n\t\t\t<div class=\"elementor-widget-wrap elementor-element-populated\">\n\t\t\t\t\t\t<div class=\"elementor-element elementor-element-384db6c elementor-widget elementor-widget-text-editor\" data-id=\"384db6c\" data-element_type=\"widget\" data-e-type=\"widget\" data-widget_type=\"text-editor.default\">\n\t\t\t\t<div class=\"elementor-widget-container\">\n\t\t\t\t\t\t\t\t\tTo this end, and following important discoveries made with Concordia University, he also created the Vitoli<sup>\u00ae<\/sup> product line. With the collaboration of two specialized pharmacists, the Vitoli<sup>\u00ae<\/sup> product line has been developed to reintegrate higher quality products into the practice of pharmacists and doctors. These are much higher standards than those required by Canadian regulations. Formulations at the cutting edge of scientific knowledge, specialized for healthy aging, higher quality ingredients and sufficient quantities, all this to provide greater efficacy and product safety (<a href=\"https:\/\/vitoli.ca\/en\/\" target=\"_blank\" rel=\"noopener\">www.vitoli.ca<\/a>).\t\t\t\t\t\t\t\t<\/div>\n\t\t\t\t<\/div>\n\t\t\t\t\t<\/div>\n\t\t<\/div>\n\t\t\t\t<div class=\"elementor-column elementor-col-50 elementor-top-column elementor-element elementor-element-c98cdf7\" data-id=\"c98cdf7\" data-element_type=\"column\" data-e-type=\"column\">\n\t\t\t<div class=\"elementor-widget-wrap elementor-element-populated\">\n\t\t\t\t\t\t<div class=\"elementor-element elementor-element-88f198e elementor-widget elementor-widget-image\" data-id=\"88f198e\" data-element_type=\"widget\" data-e-type=\"widget\" data-widget_type=\"image.default\">\n\t\t\t\t<div class=\"elementor-widget-container\">\n\t\t\t\t\t\t\t\t\t\t\t\t\t\t\t<img decoding=\"async\" width=\"225\" height=\"300\" src=\"https:\/\/idunntechnologies.com\/wp-content\/uploads\/2020\/08\/Jean-Coutu-La-Sarre-05-2019-225x300.jpg\" class=\"attachment-medium size-medium wp-image-356\" alt=\"Dr Eric Simard in a Jean Coutu to promote Vitoli with a pharmacist\" srcset=\"https:\/\/idunntechnologies.com\/wp-content\/uploads\/2020\/08\/Jean-Coutu-La-Sarre-05-2019-225x300.jpg 225w, https:\/\/idunntechnologies.com\/wp-content\/uploads\/2020\/08\/Jean-Coutu-La-Sarre-05-2019-768x1024.jpg 768w, https:\/\/idunntechnologies.com\/wp-content\/uploads\/2020\/08\/Jean-Coutu-La-Sarre-05-2019-1152x1536.jpg 1152w, https:\/\/idunntechnologies.com\/wp-content\/uploads\/2020\/08\/Jean-Coutu-La-Sarre-05-2019-1536x2048.jpg 1536w, https:\/\/idunntechnologies.com\/wp-content\/uploads\/2020\/08\/Jean-Coutu-La-Sarre-05-2019-scaled.jpg 1920w\" sizes=\"(max-width: 225px) 100vw, 225px\" \/>\t\t\t\t\t\t\t\t\t\t\t\t\t\t\t<\/div>\n\t\t\t\t<\/div>\n\t\t\t\t\t<\/div>\n\t\t<\/div>\n\t\t\t\t\t<\/div>\n\t\t<\/section>\n\t\t\t\t<\/div>\n\t\t","protected":false},"excerpt":{"rendered":"<p>Eric Simard Eric Simard is making important discoveries to slow the processes of aging. An educated scientist, he has always been particularly interested in the environment and human health. Thus, from his baccalaureate, he restarted the aquatic ecology laboratories of the Universit\u00e9 du Qu\u00e9bec \u00e0 Chicoutimi, by mobilizing professors and developing two new research programs. [&hellip;]<\/p>\n","protected":false},"author":1,"featured_media":0,"parent":0,"menu_order":0,"comment_status":"closed","ping_status":"closed","template":"","meta":{"_acf_changed":false,"footnotes":""},"class_list":["post-374","page","type-page","status-publish","hentry"],"acf":[],"yoast_head":"<!-- This site is optimized with the Yoast SEO plugin v27.3 - https:\/\/yoast.com\/product\/yoast-seo-wordpress\/ -->\n<title>Eric Simard - IDUNN Technologies<\/title>\n<meta name=\"description\" content=\"Dr. Simard is making important discoveries to slow the processes of aging. He has always been interested in the environment and human health.\" \/>\n<meta name=\"robots\" content=\"index, follow, max-snippet:-1, max-image-preview:large, max-video-preview:-1\" \/>\n<link rel=\"canonical\" href=\"https:\/\/esimard.com\/en\/about\/\" \/>\n<meta property=\"og:locale\" content=\"en_US\" \/>\n<meta property=\"og:type\" content=\"article\" \/>\n<meta property=\"og:title\" content=\"Eric Simard - IDUNN Technologies\" \/>\n<meta property=\"og:description\" content=\"Dr. Simard is making important discoveries to slow the processes of aging. He has always been interested in the environment and human health.\" \/>\n<meta property=\"og:url\" content=\"https:\/\/esimard.com\/en\/about\/\" \/>\n<meta property=\"og:site_name\" content=\"IDUNN Technologies\" \/>\n<meta property=\"article:publisher\" content=\"https:\/\/fr-ca.facebook.com\/idunntechnologies\/\" \/>\n<meta property=\"article:modified_time\" content=\"2021-04-16T14:13:24+00:00\" \/>\n<meta property=\"og:image\" content=\"https:\/\/idunntechnologies.com\/wp-content\/uploads\/2020\/07\/shutterstock_255667804.jpg\" \/>\n<meta name=\"twitter:card\" content=\"summary_large_image\" \/>\n<meta name=\"twitter:label1\" content=\"Est. reading time\" \/>\n\t<meta name=\"twitter:data1\" content=\"3 minutes\" \/>\n<script type=\"application\/ld+json\" class=\"yoast-schema-graph\">{\"@context\":\"https:\\\/\\\/schema.org\",\"@graph\":[{\"@type\":\"WebPage\",\"@id\":\"https:\\\/\\\/idunntechnologies.com\\\/en\\\/eric-simard\\\/\",\"url\":\"https:\\\/\\\/esimard.com\\\/en\\\/about\\\/\",\"name\":\"Eric Simard - IDUNN Technologies\",\"isPartOf\":{\"@id\":\"https:\\\/\\\/idunntechnologies.com\\\/en\\\/#website\"},\"primaryImageOfPage\":{\"@id\":\"https:\\\/\\\/esimard.com\\\/en\\\/about\\\/#primaryimage\"},\"image\":{\"@id\":\"https:\\\/\\\/esimard.com\\\/en\\\/about\\\/#primaryimage\"},\"thumbnailUrl\":\"https:\\\/\\\/idunntechnologies.com\\\/wp-content\\\/uploads\\\/2020\\\/07\\\/shutterstock_255667804.jpg\",\"datePublished\":\"2020-08-15T17:25:54+00:00\",\"dateModified\":\"2021-04-16T14:13:24+00:00\",\"description\":\"Dr. Simard is making important discoveries to slow the processes of aging. He has always been interested in the environment and human health.\",\"breadcrumb\":{\"@id\":\"https:\\\/\\\/esimard.com\\\/en\\\/about\\\/#breadcrumb\"},\"inLanguage\":\"en-US\",\"potentialAction\":[{\"@type\":\"ReadAction\",\"target\":[\"https:\\\/\\\/esimard.com\\\/en\\\/about\\\/\"]}]},{\"@type\":\"ImageObject\",\"inLanguage\":\"en-US\",\"@id\":\"https:\\\/\\\/esimard.com\\\/en\\\/about\\\/#primaryimage\",\"url\":\"https:\\\/\\\/idunntechnologies.com\\\/wp-content\\\/uploads\\\/2020\\\/07\\\/shutterstock_255667804.jpg\",\"contentUrl\":\"https:\\\/\\\/idunntechnologies.com\\\/wp-content\\\/uploads\\\/2020\\\/07\\\/shutterstock_255667804.jpg\"},{\"@type\":\"BreadcrumbList\",\"@id\":\"https:\\\/\\\/esimard.com\\\/en\\\/about\\\/#breadcrumb\",\"itemListElement\":[{\"@type\":\"ListItem\",\"position\":1,\"name\":\"Accueil\",\"item\":\"https:\\\/\\\/idunntechnologies.com\\\/en\\\/\"},{\"@type\":\"ListItem\",\"position\":2,\"name\":\"Eric Simard\"}]},{\"@type\":\"WebSite\",\"@id\":\"https:\\\/\\\/idunntechnologies.com\\\/en\\\/#website\",\"url\":\"https:\\\/\\\/idunntechnologies.com\\\/en\\\/\",\"name\":\"IDUNN Technologies\",\"description\":\"\",\"publisher\":{\"@id\":\"https:\\\/\\\/idunntechnologies.com\\\/en\\\/#organization\"},\"potentialAction\":[{\"@type\":\"SearchAction\",\"target\":{\"@type\":\"EntryPoint\",\"urlTemplate\":\"https:\\\/\\\/idunntechnologies.com\\\/en\\\/?s={search_term_string}\"},\"query-input\":{\"@type\":\"PropertyValueSpecification\",\"valueRequired\":true,\"valueName\":\"search_term_string\"}}],\"inLanguage\":\"en-US\"},{\"@type\":\"Organization\",\"@id\":\"https:\\\/\\\/idunntechnologies.com\\\/en\\\/#organization\",\"name\":\"IDUNN Technologies\",\"url\":\"https:\\\/\\\/idunntechnologies.com\\\/en\\\/\",\"logo\":{\"@type\":\"ImageObject\",\"inLanguage\":\"en-US\",\"@id\":\"https:\\\/\\\/idunntechnologies.com\\\/en\\\/#\\\/schema\\\/logo\\\/image\\\/\",\"url\":\"https:\\\/\\\/idunntechnologies.com\\\/wp-content\\\/uploads\\\/2020\\\/08\\\/logo-IDUNN-Liknd-300px.png\",\"contentUrl\":\"https:\\\/\\\/idunntechnologies.com\\\/wp-content\\\/uploads\\\/2020\\\/08\\\/logo-IDUNN-Liknd-300px.png\",\"width\":300,\"height\":94,\"caption\":\"IDUNN Technologies\"},\"image\":{\"@id\":\"https:\\\/\\\/idunntechnologies.com\\\/en\\\/#\\\/schema\\\/logo\\\/image\\\/\"},\"sameAs\":[\"https:\\\/\\\/fr-ca.facebook.com\\\/idunntechnologies\\\/\",\"https:\\\/\\\/www.linkedin.com\\\/company\\\/idunn-technologies\"]}]}<\/script>\n<!-- \/ Yoast SEO plugin. -->","yoast_head_json":{"title":"Eric Simard - IDUNN Technologies","description":"Dr. Simard is making important discoveries to slow the processes of aging. He has always been interested in the environment and human health.","robots":{"index":"index","follow":"follow","max-snippet":"max-snippet:-1","max-image-preview":"max-image-preview:large","max-video-preview":"max-video-preview:-1"},"canonical":"https:\/\/esimard.com\/en\/about\/","og_locale":"en_US","og_type":"article","og_title":"Eric Simard - IDUNN Technologies","og_description":"Dr. Simard is making important discoveries to slow the processes of aging. He has always been interested in the environment and human health.","og_url":"https:\/\/esimard.com\/en\/about\/","og_site_name":"IDUNN Technologies","article_publisher":"https:\/\/fr-ca.facebook.com\/idunntechnologies\/","article_modified_time":"2021-04-16T14:13:24+00:00","og_image":[{"url":"https:\/\/idunntechnologies.com\/wp-content\/uploads\/2020\/07\/shutterstock_255667804.jpg","type":"","width":"","height":""}],"twitter_card":"summary_large_image","twitter_misc":{"Est. reading time":"3 minutes"},"schema":{"@context":"https:\/\/schema.org","@graph":[{"@type":"WebPage","@id":"https:\/\/idunntechnologies.com\/en\/eric-simard\/","url":"https:\/\/esimard.com\/en\/about\/","name":"Eric Simard - IDUNN Technologies","isPartOf":{"@id":"https:\/\/idunntechnologies.com\/en\/#website"},"primaryImageOfPage":{"@id":"https:\/\/esimard.com\/en\/about\/#primaryimage"},"image":{"@id":"https:\/\/esimard.com\/en\/about\/#primaryimage"},"thumbnailUrl":"https:\/\/idunntechnologies.com\/wp-content\/uploads\/2020\/07\/shutterstock_255667804.jpg","datePublished":"2020-08-15T17:25:54+00:00","dateModified":"2021-04-16T14:13:24+00:00","description":"Dr. Simard is making important discoveries to slow the processes of aging. He has always been interested in the environment and human health.","breadcrumb":{"@id":"https:\/\/esimard.com\/en\/about\/#breadcrumb"},"inLanguage":"en-US","potentialAction":[{"@type":"ReadAction","target":["https:\/\/esimard.com\/en\/about\/"]}]},{"@type":"ImageObject","inLanguage":"en-US","@id":"https:\/\/esimard.com\/en\/about\/#primaryimage","url":"https:\/\/idunntechnologies.com\/wp-content\/uploads\/2020\/07\/shutterstock_255667804.jpg","contentUrl":"https:\/\/idunntechnologies.com\/wp-content\/uploads\/2020\/07\/shutterstock_255667804.jpg"},{"@type":"BreadcrumbList","@id":"https:\/\/esimard.com\/en\/about\/#breadcrumb","itemListElement":[{"@type":"ListItem","position":1,"name":"Accueil","item":"https:\/\/idunntechnologies.com\/en\/"},{"@type":"ListItem","position":2,"name":"Eric Simard"}]},{"@type":"WebSite","@id":"https:\/\/idunntechnologies.com\/en\/#website","url":"https:\/\/idunntechnologies.com\/en\/","name":"IDUNN Technologies","description":"","publisher":{"@id":"https:\/\/idunntechnologies.com\/en\/#organization"},"potentialAction":[{"@type":"SearchAction","target":{"@type":"EntryPoint","urlTemplate":"https:\/\/idunntechnologies.com\/en\/?s={search_term_string}"},"query-input":{"@type":"PropertyValueSpecification","valueRequired":true,"valueName":"search_term_string"}}],"inLanguage":"en-US"},{"@type":"Organization","@id":"https:\/\/idunntechnologies.com\/en\/#organization","name":"IDUNN Technologies","url":"https:\/\/idunntechnologies.com\/en\/","logo":{"@type":"ImageObject","inLanguage":"en-US","@id":"https:\/\/idunntechnologies.com\/en\/#\/schema\/logo\/image\/","url":"https:\/\/idunntechnologies.com\/wp-content\/uploads\/2020\/08\/logo-IDUNN-Liknd-300px.png","contentUrl":"https:\/\/idunntechnologies.com\/wp-content\/uploads\/2020\/08\/logo-IDUNN-Liknd-300px.png","width":300,"height":94,"caption":"IDUNN Technologies"},"image":{"@id":"https:\/\/idunntechnologies.com\/en\/#\/schema\/logo\/image\/"},"sameAs":["https:\/\/fr-ca.facebook.com\/idunntechnologies\/","https:\/\/www.linkedin.com\/company\/idunn-technologies"]}]}},"_links":{"self":[{"href":"https:\/\/idunntechnologies.com\/en\/wp-json\/wp\/v2\/pages\/374","targetHints":{"allow":["GET"]}}],"collection":[{"href":"https:\/\/idunntechnologies.com\/en\/wp-json\/wp\/v2\/pages"}],"about":[{"href":"https:\/\/idunntechnologies.com\/en\/wp-json\/wp\/v2\/types\/page"}],"author":[{"embeddable":true,"href":"https:\/\/idunntechnologies.com\/en\/wp-json\/wp\/v2\/users\/1"}],"replies":[{"embeddable":true,"href":"https:\/\/idunntechnologies.com\/en\/wp-json\/wp\/v2\/comments?post=374"}],"version-history":[{"count":9,"href":"https:\/\/idunntechnologies.com\/en\/wp-json\/wp\/v2\/pages\/374\/revisions"}],"predecessor-version":[{"id":537,"href":"https:\/\/idunntechnologies.com\/en\/wp-json\/wp\/v2\/pages\/374\/revisions\/537"}],"wp:attachment":[{"href":"https:\/\/idunntechnologies.com\/en\/wp-json\/wp\/v2\/media?parent=374"}],"curies":[{"name":"wp","href":"https:\/\/api.w.org\/{rel}","templated":true}]}}